{"id":1429,"date":"2020-09-15T17:15:42","date_gmt":"2020-09-15T17:15:42","guid":{"rendered":"http:\/\/diesterweg-grundschule-pirna.de\/?page_id=1429"},"modified":"2020-09-15T18:29:55","modified_gmt":"2020-09-15T18:29:55","slug":"tanzen","status":"publish","type":"page","link":"http:\/\/diesterweg-grundschule-pirna.de\/?page_id=1429","title":{"rendered":"Tanzen"},"content":{"rendered":"\n<p>Es geht um rhythmische Bewegung zu Musik und wir wollen mit unserem K\u00f6rper Geschichten erz\u00e4hlen oder auch Stimmungen und Gef\u00fchle ausdr\u00fccken. Vor allem wollen wir Spa\u00df haben.<\/p>\n\n\n\n<hr class=\"wp-block-separator\"\/>\n\n\n\n<p><strong>Teilnehmerzahl: <\/strong>3 &#8211; 10&nbsp;&nbsp;&nbsp;&nbsp;&nbsp;&nbsp;&nbsp;&nbsp;&nbsp;&nbsp;&nbsp;&nbsp;&nbsp;&nbsp;&nbsp;&nbsp;&nbsp;&nbsp;&nbsp;&nbsp;&nbsp;&nbsp;&nbsp;&nbsp;&nbsp;&nbsp;&nbsp;&nbsp;&nbsp;&nbsp;&nbsp;&nbsp;&nbsp;&nbsp;&nbsp;&nbsp;&nbsp;&nbsp;&nbsp;&nbsp;&nbsp;&nbsp;&nbsp;&nbsp;&nbsp;&nbsp;&nbsp;&nbsp;&nbsp;&nbsp;&nbsp;&nbsp;&nbsp;&nbsp;&nbsp;&nbsp;&nbsp;&nbsp;&nbsp;&nbsp;<\/p>\n\n\n\n<p><strong>Klassenstufe:<\/strong>&nbsp;1 &#8211; 4<\/p>\n\n\n\n<p><strong>Dienstag 15.15 &#8211; 16.00 Uhr<\/strong><\/p>\n\n\n\n<div class=\"wp-block-buttons is-layout-flex wp-block-buttons-is-layout-flex\">\n<div class=\"wp-block-button\"><a class=\"wp-block-button__link\" href=\"http:\/\/diesterweg-grundschule-pirna.de\/?page_id=862\">zur\u00fcck<\/a><\/div>\n<\/div>\n","protected":false},"excerpt":{"rendered":"<p>Es geht um rhythmische Bewegung zu Musik und wir wollen mit unserem K\u00f6rper Geschichten erz\u00e4hlen oder auch Stimmungen und Gef\u00fchle &hellip; <\/p>\n","protected":false},"author":1,"featured_media":0,"parent":0,"menu_order":0,"comment_status":"closed","ping_status":"closed","template":"","meta":{"ngg_post_thumbnail":0,"footnotes":""},"class_list":["post-1429","page","type-page","status-publish","hentry","latest_post"],"_links":{"self":[{"href":"http:\/\/diesterweg-grundschule-pirna.de\/index.php?rest_route=\/wp\/v2\/pages\/1429"}],"collection":[{"href":"http:\/\/diesterweg-grundschule-pirna.de\/index.php?rest_route=\/wp\/v2\/pages"}],"about":[{"href":"http:\/\/diesterweg-grundschule-pirna.de\/index.php?rest_route=\/wp\/v2\/types\/page"}],"author":[{"embeddable":true,"href":"http:\/\/diesterweg-grundschule-pirna.de\/index.php?rest_route=\/wp\/v2\/users\/1"}],"replies":[{"embeddable":true,"href":"http:\/\/diesterweg-grundschule-pirna.de\/index.php?rest_route=%2Fwp%2Fv2%2Fcomments&post=1429"}],"version-history":[{"count":3,"href":"http:\/\/diesterweg-grundschule-pirna.de\/index.php?rest_route=\/wp\/v2\/pages\/1429\/revisions"}],"predecessor-version":[{"id":1481,"href":"http:\/\/diesterweg-grundschule-pirna.de\/index.php?rest_route=\/wp\/v2\/pages\/1429\/revisions\/1481"}],"wp:attachment":[{"href":"http:\/\/diesterweg-grundschule-pirna.de\/index.php?rest_route=%2Fwp%2Fv2%2Fmedia&parent=1429"}],"curies":[{"name":"wp","href":"https:\/\/api.w.org\/{rel}","templated":true}]}}