{"id":2280,"date":"2024-11-25T16:13:51","date_gmt":"2024-11-25T16:13:51","guid":{"rendered":"https:\/\/diesterweg-grundschule-pirna.de\/?page_id=2280"},"modified":"2024-11-25T16:18:51","modified_gmt":"2024-11-25T16:18:51","slug":"schulhund","status":"publish","type":"page","link":"http:\/\/diesterweg-grundschule-pirna.de\/?page_id=2280","title":{"rendered":"Schulhund"},"content":{"rendered":"<div class=\"wp-block-image\">\n<figure class=\"alignright size-full is-resized\"><img fetchpriority=\"high\" decoding=\"async\" width=\"315\" height=\"241\" src=\"https:\/\/diesterweg-grundschule-pirna.de\/wp-content\/uploads\/2024\/11\/IMG_9292-Kopie.jpeg\" alt=\"\" class=\"wp-image-2281\" style=\"width:418px;height:auto\" srcset=\"http:\/\/diesterweg-grundschule-pirna.de\/wp-content\/uploads\/2024\/11\/IMG_9292-Kopie.jpeg 315w, http:\/\/diesterweg-grundschule-pirna.de\/wp-content\/uploads\/2024\/11\/IMG_9292-Kopie-300x230.jpeg 300w\" sizes=\"(max-width: 315px) 100vw, 315px\" \/><\/figure><\/div>\n\n\n<p><strong>Freude auf vier Pfoten! &#8211; Schulhunde zu Besuch<\/strong><\/p>\n\n\n\n<p><br>Einmal pro Woche besuchen uns die Schulhunde der HundeWildnisSchule und bringen frischen Wind in unseren Schulalltag. Manuela und J\u00f6rg Ulbricht mit ihren Hunden Carlos und Moses helfen den Sch\u00fclerinnen und Sch\u00fclern\u00a0mit ihrer ruhigen, freundlichen Art, sich zu entspannen und konzentriert zu lernen. Die Hunde f\u00f6rdern soziales Verhalten, st\u00e4rken das Gemeinschaftsgef\u00fchl und sorgen f\u00fcr jede Menge Freude. Ein wertvoller Besuch f\u00fcr ein starkes Miteinander!<\/p>\n\n\n\n<p><a href=\"https:\/\/wildnislehrer.com\">https:\/\/wildnislehrer.com<\/a><\/p>\n\n\n\n<hr class=\"wp-block-separator has-alpha-channel-opacity\"\/>\n\n\n<div class=\"wp-block-image\">\n<figure class=\"alignleft size-full\"><img decoding=\"async\" width=\"240\" height=\"320\" src=\"https:\/\/diesterweg-grundschule-pirna.de\/wp-content\/uploads\/2024\/11\/Alma.jpeg\" alt=\"\" class=\"wp-image-2282\" srcset=\"http:\/\/diesterweg-grundschule-pirna.de\/wp-content\/uploads\/2024\/11\/Alma.jpeg 240w, http:\/\/diesterweg-grundschule-pirna.de\/wp-content\/uploads\/2024\/11\/Alma-225x300.jpeg 225w\" sizes=\"(max-width: 240px) 100vw, 240px\" \/><\/figure><\/div>\n\n\n<p><br>In diesem Schuljahr bilden wir mit Unterst\u00fctzung der HundeWildnisSchule sogar unseren eigenen Schulhund aus. Unsere Kollegin Frau Schimeisky und ihr H\u00fcndin Alma sind mit viel Engagement und Freude bei der Sache und freuen sich auf ihre gemeinsame Aufgabe.<\/p>\n\n\n\n<p><\/p>\n","protected":false},"excerpt":{"rendered":"<p>Freude auf vier Pfoten! &#8211; Schulhunde zu Besuch Einmal pro Woche besuchen uns die Schulhunde der HundeWildnisSchule und bringen frischen &hellip; <\/p>\n","protected":false},"author":1,"featured_media":0,"parent":0,"menu_order":0,"comment_status":"closed","ping_status":"closed","template":"","meta":{"ngg_post_thumbnail":0,"footnotes":""},"class_list":["post-2280","page","type-page","status-publish","hentry","latest_post"],"_links":{"self":[{"href":"http:\/\/diesterweg-grundschule-pirna.de\/index.php?rest_route=\/wp\/v2\/pages\/2280"}],"collection":[{"href":"http:\/\/diesterweg-grundschule-pirna.de\/index.php?rest_route=\/wp\/v2\/pages"}],"about":[{"href":"http:\/\/diesterweg-grundschule-pirna.de\/index.php?rest_route=\/wp\/v2\/types\/page"}],"author":[{"embeddable":true,"href":"http:\/\/diesterweg-grundschule-pirna.de\/index.php?rest_route=\/wp\/v2\/users\/1"}],"replies":[{"embeddable":true,"href":"http:\/\/diesterweg-grundschule-pirna.de\/index.php?rest_route=%2Fwp%2Fv2%2Fcomments&post=2280"}],"version-history":[{"count":4,"href":"http:\/\/diesterweg-grundschule-pirna.de\/index.php?rest_route=\/wp\/v2\/pages\/2280\/revisions"}],"predecessor-version":[{"id":2287,"href":"http:\/\/diesterweg-grundschule-pirna.de\/index.php?rest_route=\/wp\/v2\/pages\/2280\/revisions\/2287"}],"wp:attachment":[{"href":"http:\/\/diesterweg-grundschule-pirna.de\/index.php?rest_route=%2Fwp%2Fv2%2Fmedia&parent=2280"}],"curies":[{"name":"wp","href":"https:\/\/api.w.org\/{rel}","templated":true}]}}