{"id":2503,"date":"2026-03-30T13:21:44","date_gmt":"2026-03-30T13:21:44","guid":{"rendered":"https:\/\/diesterweg-grundschule-pirna.de\/?page_id=2503"},"modified":"2026-03-30T13:21:44","modified_gmt":"2026-03-30T13:21:44","slug":"schulimkerei-diebees","status":"publish","type":"page","link":"http:\/\/diesterweg-grundschule-pirna.de\/?page_id=2503","title":{"rendered":"Schulimkerei &#8220;DieBees&#8221;"},"content":{"rendered":"<div class=\"wp-block-image\">\n<figure class=\"alignright size-large is-resized\"><img fetchpriority=\"high\" decoding=\"async\" width=\"1080\" height=\"811\" src=\"http:\/\/diesterweg-grundschule-pirna.de\/wp-content\/uploads\/2026\/03\/PXL_20260318_134201847-1080x811.jpg\" alt=\"\" class=\"wp-image-2494\" style=\"width:422px;height:auto\" srcset=\"http:\/\/diesterweg-grundschule-pirna.de\/wp-content\/uploads\/2026\/03\/PXL_20260318_134201847-1080x811.jpg 1080w, http:\/\/diesterweg-grundschule-pirna.de\/wp-content\/uploads\/2026\/03\/PXL_20260318_134201847-300x225.jpg 300w, http:\/\/diesterweg-grundschule-pirna.de\/wp-content\/uploads\/2026\/03\/PXL_20260318_134201847-768x576.jpg 768w, http:\/\/diesterweg-grundschule-pirna.de\/wp-content\/uploads\/2026\/03\/PXL_20260318_134201847-1536x1153.jpg 1536w, http:\/\/diesterweg-grundschule-pirna.de\/wp-content\/uploads\/2026\/03\/PXL_20260318_134201847.jpg 1920w\" sizes=\"(max-width: 1080px) 100vw, 1080px\" \/><\/figure><\/div>\n\n\n<p>Seit Beginn des Schuljahres 2025\/2026 arbeiten 12 Sch\u00fclerinnen und Sch\u00fcler der Klassen 3 und 4 gemeinsam mit ihrem Angebotsleiter\u00a0Roman Stelzner, auch gerne Honig-Opa genannt, daran,\u00a0eine Schulimkerei aufzubauen.\u00a0<\/p>\n\n\n\n<p>Unterst\u00fctzt wird das Projekt von dem KiJuBee Netzwerk Sachsen e.V., welches sich um Bildung zur Nachhaltigkeit Natur und nat\u00fcrlich Bienen engagiert.<\/p>\n\n\n\n<p>Aus erster Hand lernen die Kinder nicht nur, wie Bienen funktionieren, sondern auch, wie Verantwortung, Geduld und Teamarbeit in der Natur gelingen.<\/p>\n\n\n<div class=\"wp-block-image\">\n<figure class=\"alignleft size-large is-resized\"><img decoding=\"async\" width=\"1080\" height=\"961\" src=\"http:\/\/diesterweg-grundschule-pirna.de\/wp-content\/uploads\/2026\/03\/IMG_6238-1080x961.jpeg\" alt=\"\" class=\"wp-image-2492\" style=\"width:396px;height:auto\" srcset=\"http:\/\/diesterweg-grundschule-pirna.de\/wp-content\/uploads\/2026\/03\/IMG_6238-1080x961.jpeg 1080w, http:\/\/diesterweg-grundschule-pirna.de\/wp-content\/uploads\/2026\/03\/IMG_6238-300x267.jpeg 300w, http:\/\/diesterweg-grundschule-pirna.de\/wp-content\/uploads\/2026\/03\/IMG_6238-768x683.jpeg 768w, http:\/\/diesterweg-grundschule-pirna.de\/wp-content\/uploads\/2026\/03\/IMG_6238-1536x1366.jpeg 1536w, http:\/\/diesterweg-grundschule-pirna.de\/wp-content\/uploads\/2026\/03\/IMG_6238.jpeg 1920w\" sizes=\"(max-width: 1080px) 100vw, 1080px\" \/><\/figure><\/div>\n\n\n<p>Schon beim Start standen Recherche und praktische Vorbereitung im Vordergrund: Wie leben Honigbienen, welche Aufgaben haben K\u00f6nigin, Arbeiterinnen und Drohnen, und welche Ausr\u00fcstung braucht man f\u00fcr einen sicheren Umgang? Die Vorfreude war gro\u00df, als die ersten Schritte getan waren. Jetzt steht die erste Bienenbeute auf dem Schulgel\u00e4nde.<\/p>\n\n\n\n<p>In den kommenden Tagen ziehen die Bienen ein und beginnen, ihren neuen Lebensraum zu beziehen. Die Sch\u00fclerinnen und Sch\u00fcler begleiten den Prozess mit wachsender Neugier: Sie beobachten, wie sich das Volk entwickelt, lernen, wie Honig entsteht, und erfahren, wie wichtig Best\u00e4uberinnen f\u00fcr die Umwelt sind.<\/p>\n\n\n\n<figure class=\"wp-block-image size-large\"><img decoding=\"async\" width=\"769\" height=\"1080\" src=\"http:\/\/diesterweg-grundschule-pirna.de\/wp-content\/uploads\/2026\/03\/Bienen6-769x1080.png\" alt=\"\" class=\"wp-image-2500\" srcset=\"http:\/\/diesterweg-grundschule-pirna.de\/wp-content\/uploads\/2026\/03\/Bienen6-769x1080.png 769w, http:\/\/diesterweg-grundschule-pirna.de\/wp-content\/uploads\/2026\/03\/Bienen6-214x300.png 214w, http:\/\/diesterweg-grundschule-pirna.de\/wp-content\/uploads\/2026\/03\/Bienen6-768x1078.png 768w, http:\/\/diesterweg-grundschule-pirna.de\/wp-content\/uploads\/2026\/03\/Bienen6-1094x1536.png 1094w, http:\/\/diesterweg-grundschule-pirna.de\/wp-content\/uploads\/2026\/03\/Bienen6-1459x2048.png 1459w\" sizes=\"(max-width: 769px) 100vw, 769px\" \/><\/figure>\n","protected":false},"excerpt":{"rendered":"<p>Seit Beginn des Schuljahres 2025\/2026 arbeiten 12 Sch\u00fclerinnen und Sch\u00fcler der Klassen 3 und 4 gemeinsam mit ihrem Angebotsleiter\u00a0Roman Stelzner, &hellip; <\/p>\n","protected":false},"author":1,"featured_media":0,"parent":0,"menu_order":0,"comment_status":"closed","ping_status":"closed","template":"","meta":{"ngg_post_thumbnail":0,"footnotes":""},"class_list":["post-2503","page","type-page","status-publish","hentry","latest_post"],"_links":{"self":[{"href":"http:\/\/diesterweg-grundschule-pirna.de\/index.php?rest_route=\/wp\/v2\/pages\/2503"}],"collection":[{"href":"http:\/\/diesterweg-grundschule-pirna.de\/index.php?rest_route=\/wp\/v2\/pages"}],"about":[{"href":"http:\/\/diesterweg-grundschule-pirna.de\/index.php?rest_route=\/wp\/v2\/types\/page"}],"author":[{"embeddable":true,"href":"http:\/\/diesterweg-grundschule-pirna.de\/index.php?rest_route=\/wp\/v2\/users\/1"}],"replies":[{"embeddable":true,"href":"http:\/\/diesterweg-grundschule-pirna.de\/index.php?rest_route=%2Fwp%2Fv2%2Fcomments&post=2503"}],"version-history":[{"count":1,"href":"http:\/\/diesterweg-grundschule-pirna.de\/index.php?rest_route=\/wp\/v2\/pages\/2503\/revisions"}],"predecessor-version":[{"id":2504,"href":"http:\/\/diesterweg-grundschule-pirna.de\/index.php?rest_route=\/wp\/v2\/pages\/2503\/revisions\/2504"}],"wp:attachment":[{"href":"http:\/\/diesterweg-grundschule-pirna.de\/index.php?rest_route=%2Fwp%2Fv2%2Fmedia&parent=2503"}],"curies":[{"name":"wp","href":"https:\/\/api.w.org\/{rel}","templated":true}]}}