{"id":570,"date":"2019-05-01T19:56:54","date_gmt":"2019-05-01T19:56:54","guid":{"rendered":"http:\/\/diesterweg-grundschule-pirna.de\/?page_id=570"},"modified":"2024-09-09T13:04:24","modified_gmt":"2024-09-09T13:04:24","slug":"tschechisch","status":"publish","type":"page","link":"http:\/\/diesterweg-grundschule-pirna.de\/?page_id=570","title":{"rendered":"Tschechisch"},"content":{"rendered":"<div class=\"wp-block-image\">\n<figure class=\"alignleft size-full is-resized\"><img fetchpriority=\"high\" decoding=\"async\" width=\"241\" height=\"302\" src=\"http:\/\/diesterweg-grundschule-pirna.de\/wp-content\/uploads\/2024\/09\/IMG_4729.jpeg\" alt=\"\" class=\"wp-image-2045\" style=\"width:373px;height:auto\" srcset=\"http:\/\/diesterweg-grundschule-pirna.de\/wp-content\/uploads\/2024\/09\/IMG_4729.jpeg 241w, http:\/\/diesterweg-grundschule-pirna.de\/wp-content\/uploads\/2024\/09\/IMG_4729-239x300.jpeg 239w\" sizes=\"(max-width: 241px) 100vw, 241px\" \/><\/figure><\/div>\n\n\n<p><strong>Tschechisch? Na klar! Sprachabenteuer f\u00fcr unsere kleinen Entdecker an der F.-A.-W.-Diesterweg Grundschule!<\/strong><strong><\/strong><\/p>\n\n\n\n<p>Bei uns an der F.-A.-W.-Diesterweg Grundschule Pirna startet das Sprachenabenteuer ab Klasse 1! Neben Englisch bieten wir Tschechisch als Begegnungssprache an \u2013 ganz ohne Notendruck, daf\u00fcr mit viel Spa\u00df und Neugier.<\/p>\n\n\n\n<p>In der ersten Klasse tauchen unsere Kinder spielerisch in die Welt der tschechischen Sprache ein. Mit fr\u00f6hlichen Liedern, lustigen Reimen und spannenden Geschichten wird die neue Sprache lebendig und vertraut. Ab der zweiten Klasse geht\u2019s dann richtig los: Die Sprachkenntnisse werden vertieft, begleitet vom liebevoll gestalteten Arbeitsheft \u201eKachni\u010dka\u201c,das viele tolle Lernabenteuer bereith\u00e4lt.<\/p>\n\n\n\n<p>Das Beste? Unsere Sch\u00fclerinnen und Sch\u00fcler setzen das Gelernte direkt in die Praxis um! Sei es beim besinnlichen Weihnachtsliedersingen, einer spannenden Wanderung in der Grenzregion oder einem Besuch in der ZOO-Schule in D\u011b\u010d\u00edn. Geplant ist auch ein Austausch mit einer Partnerschule in Tschechien \u2013 das wird ein Riesenspa\u00df!<\/p>\n\n\n\n<p>Nach der vierten Klasse k\u00f6nnen die Kinder ihre Sprachkenntnisse am Friedrich-Schiller-Gymnasium weiter ausbauen, welches ein binational-bilinguales deutsch-tschechisches Profil anbietet. So wird das Sprachenabenteuer noch lange nicht enden!<\/p>\n","protected":false},"excerpt":{"rendered":"<p>Tschechisch? Na klar! Sprachabenteuer f\u00fcr unsere kleinen Entdecker an der F.-A.-W.-Diesterweg Grundschule! Bei uns an der F.-A.-W.-Diesterweg Grundschule Pirna startet &hellip; <\/p>\n","protected":false},"author":1,"featured_media":0,"parent":0,"menu_order":0,"comment_status":"closed","ping_status":"closed","template":"","meta":{"ngg_post_thumbnail":0,"footnotes":""},"class_list":["post-570","page","type-page","status-publish","hentry","latest_post"],"_links":{"self":[{"href":"http:\/\/diesterweg-grundschule-pirna.de\/index.php?rest_route=\/wp\/v2\/pages\/570"}],"collection":[{"href":"http:\/\/diesterweg-grundschule-pirna.de\/index.php?rest_route=\/wp\/v2\/pages"}],"about":[{"href":"http:\/\/diesterweg-grundschule-pirna.de\/index.php?rest_route=\/wp\/v2\/types\/page"}],"author":[{"embeddable":true,"href":"http:\/\/diesterweg-grundschule-pirna.de\/index.php?rest_route=\/wp\/v2\/users\/1"}],"replies":[{"embeddable":true,"href":"http:\/\/diesterweg-grundschule-pirna.de\/index.php?rest_route=%2Fwp%2Fv2%2Fcomments&post=570"}],"version-history":[{"count":3,"href":"http:\/\/diesterweg-grundschule-pirna.de\/index.php?rest_route=\/wp\/v2\/pages\/570\/revisions"}],"predecessor-version":[{"id":2047,"href":"http:\/\/diesterweg-grundschule-pirna.de\/index.php?rest_route=\/wp\/v2\/pages\/570\/revisions\/2047"}],"wp:attachment":[{"href":"http:\/\/diesterweg-grundschule-pirna.de\/index.php?rest_route=%2Fwp%2Fv2%2Fmedia&parent=570"}],"curies":[{"name":"wp","href":"https:\/\/api.w.org\/{rel}","templated":true}]}}