{"id":572,"date":"2019-05-01T19:56:54","date_gmt":"2019-05-01T19:56:54","guid":{"rendered":"http:\/\/diesterweg-grundschule-pirna.de\/?page_id=572"},"modified":"2024-01-25T19:42:22","modified_gmt":"2024-01-25T19:42:22","slug":"schuelerzeitung","status":"publish","type":"page","link":"http:\/\/diesterweg-grundschule-pirna.de\/?page_id=572","title":{"rendered":"Sch\u00fclerzeitung"},"content":{"rendered":"\n<figure class=\"wp-block-image size-large\"><img decoding=\"async\" width=\"66\" height=\"65\" src=\"http:\/\/diesterweg-grundschule-pirna.de\/wp-content\/uploads\/2019\/08\/image-2.png\" alt=\"\" class=\"wp-image-711\"\/><\/figure>\n\n\n<div class=\"wp-block-image\">\n<figure class=\"alignright size-large\"><img decoding=\"async\" width=\"66\" height=\"65\" src=\"http:\/\/diesterweg-grundschule-pirna.de\/wp-content\/uploads\/2019\/08\/image-2.png\" alt=\"\" class=\"wp-image-711\"\/><\/figure><\/div>\n\n\n<h3 class=\"wp-block-heading\">Sch\u00fclerzeitung \u201eTintenklecks\u201c<\/h3>\n\n\n<div class=\"wp-block-image is-style-default\">\n<figure class=\"alignright size-large is-resized\"><img fetchpriority=\"high\" decoding=\"async\" width=\"830\" height=\"1024\" src=\"http:\/\/diesterweg-grundschule-pirna.de\/wp-content\/uploads\/2020\/03\/Leuchti-830x1024.png\" alt=\"\" class=\"wp-image-799\" style=\"width:296px;height:364px\" srcset=\"http:\/\/diesterweg-grundschule-pirna.de\/wp-content\/uploads\/2020\/03\/Leuchti-830x1024.png 830w, http:\/\/diesterweg-grundschule-pirna.de\/wp-content\/uploads\/2020\/03\/Leuchti-243x300.png 243w, http:\/\/diesterweg-grundschule-pirna.de\/wp-content\/uploads\/2020\/03\/Leuchti-768x947.png 768w, http:\/\/diesterweg-grundschule-pirna.de\/wp-content\/uploads\/2020\/03\/Leuchti.png 944w\" sizes=\"(max-width: 830px) 100vw, 830px\" \/><\/figure><\/div>\n\n\n<p>Die Sch\u00fclerzeitung unserer Grundschule besteht nun seit 12 Jahren. Sie wird von Sch\u00fclern geschrieben, die \u00fcber Ausfl\u00fcge, Projekte, aktuelle schulbezogene Themen oder Interessengebiete der Sch\u00fcler informieren. Auf diese Weise entstehen j\u00e4hrlich meist 3 Ausgaben, welche durch eine Redaktionsgruppe, bestehend aus Sch\u00fclern, zusammengestellt wird. Dieses Angebot ist vor allem f\u00fcr die Sch\u00fcler der Klassenstufe 3 und 4 angedacht. Die Sch\u00fcler schreiben in dieser Zeit an eigens recherchierten Texten und w\u00e4hlen ebenso Artikel anderer Kinder aus, um diese in der n\u00e4chsten Ausgabe herausbringen zu k\u00f6nnen.  Wer Interesse an diesem Angebot hat, sollte also seine Augen offenhalten, wenn am Anfang des Schuljahres die Sch\u00fclerzeitung \u201eTintenklecks\u201c nach neuen Redakteuren sucht. <\/p>\n\n\n<div class=\"wp-block-image\">\n<figure class=\"alignright size-large\"><img decoding=\"async\" width=\"66\" height=\"65\" src=\"http:\/\/diesterweg-grundschule-pirna.de\/wp-content\/uploads\/2019\/08\/image-1.png\" alt=\"\" class=\"wp-image-709\"\/><\/figure><\/div>\n\n\n<figure class=\"wp-block-image size-large\"><img decoding=\"async\" width=\"66\" height=\"65\" src=\"http:\/\/diesterweg-grundschule-pirna.de\/wp-content\/uploads\/2019\/08\/image-2.png\" alt=\"\" class=\"wp-image-711\"\/><\/figure>\n\n\n\n<p><a href=\"http:\/\/diesterweg-grundschule-pirna.de\/?page_id=1964\">Hier geht&#8217;s zur neusten Ausgabe unserer Sch\u00fclerzeitung.<\/a><\/p>\n","protected":false},"excerpt":{"rendered":"<p>Sch\u00fclerzeitung \u201eTintenklecks\u201c Die Sch\u00fclerzeitung unserer Grundschule besteht nun seit 12 Jahren. Sie wird von Sch\u00fclern geschrieben, die \u00fcber Ausfl\u00fcge, Projekte, &hellip; <\/p>\n","protected":false},"author":1,"featured_media":0,"parent":0,"menu_order":0,"comment_status":"closed","ping_status":"closed","template":"","meta":{"ngg_post_thumbnail":0,"footnotes":""},"class_list":["post-572","page","type-page","status-publish","hentry","latest_post"],"_links":{"self":[{"href":"http:\/\/diesterweg-grundschule-pirna.de\/index.php?rest_route=\/wp\/v2\/pages\/572"}],"collection":[{"href":"http:\/\/diesterweg-grundschule-pirna.de\/index.php?rest_route=\/wp\/v2\/pages"}],"about":[{"href":"http:\/\/diesterweg-grundschule-pirna.de\/index.php?rest_route=\/wp\/v2\/types\/page"}],"author":[{"embeddable":true,"href":"http:\/\/diesterweg-grundschule-pirna.de\/index.php?rest_route=\/wp\/v2\/users\/1"}],"replies":[{"embeddable":true,"href":"http:\/\/diesterweg-grundschule-pirna.de\/index.php?rest_route=%2Fwp%2Fv2%2Fcomments&post=572"}],"version-history":[{"count":11,"href":"http:\/\/diesterweg-grundschule-pirna.de\/index.php?rest_route=\/wp\/v2\/pages\/572\/revisions"}],"predecessor-version":[{"id":1967,"href":"http:\/\/diesterweg-grundschule-pirna.de\/index.php?rest_route=\/wp\/v2\/pages\/572\/revisions\/1967"}],"wp:attachment":[{"href":"http:\/\/diesterweg-grundschule-pirna.de\/index.php?rest_route=%2Fwp%2Fv2%2Fmedia&parent=572"}],"curies":[{"name":"wp","href":"https:\/\/api.w.org\/{rel}","templated":true}]}}