{"id":857,"date":"2020-03-27T16:42:52","date_gmt":"2020-03-27T16:42:52","guid":{"rendered":"http:\/\/diesterweg-grundschule-pirna.de\/?page_id=857"},"modified":"2020-03-27T16:42:53","modified_gmt":"2020-03-27T16:42:53","slug":"sportunterricht","status":"publish","type":"page","link":"http:\/\/diesterweg-grundschule-pirna.de\/?page_id=857","title":{"rendered":"Sportunterricht"},"content":{"rendered":"\n<p>Vor Beginn der Unterrichtsstunde haben die Sch\u00fclerinnen und Sch\u00fcler Gegenst\u00e4nde, die eine unfall- und\/oder verletzungsfreie Durchf\u00fchrung des Unterrichts gef\u00e4hrden k\u00f6nnten, ausnahmslos abzulegen. Hierzu geh\u00f6ren:<\/p>\n\n\n\n<ul class=\"wp-block-list\"><li>Uhren,<\/li><li>Schmuck (Ringe, Ketten, Armreifen, Ohrringe, Ohrstecker),<\/li><li>Schl\u00fcssel,<\/li><li>G\u00fcrtel.<\/li><\/ul>\n","protected":false},"excerpt":{"rendered":"<p>Vor Beginn der Unterrichtsstunde haben die Sch\u00fclerinnen und Sch\u00fcler Gegenst\u00e4nde, die eine unfall- und\/oder verletzungsfreie Durchf\u00fchrung des Unterrichts gef\u00e4hrden k\u00f6nnten, &hellip; <\/p>\n","protected":false},"author":1,"featured_media":0,"parent":0,"menu_order":0,"comment_status":"closed","ping_status":"closed","template":"","meta":{"ngg_post_thumbnail":0,"footnotes":""},"class_list":["post-857","page","type-page","status-publish","hentry","latest_post"],"_links":{"self":[{"href":"http:\/\/diesterweg-grundschule-pirna.de\/index.php?rest_route=\/wp\/v2\/pages\/857"}],"collection":[{"href":"http:\/\/diesterweg-grundschule-pirna.de\/index.php?rest_route=\/wp\/v2\/pages"}],"about":[{"href":"http:\/\/diesterweg-grundschule-pirna.de\/index.php?rest_route=\/wp\/v2\/types\/page"}],"author":[{"embeddable":true,"href":"http:\/\/diesterweg-grundschule-pirna.de\/index.php?rest_route=\/wp\/v2\/users\/1"}],"replies":[{"embeddable":true,"href":"http:\/\/diesterweg-grundschule-pirna.de\/index.php?rest_route=%2Fwp%2Fv2%2Fcomments&post=857"}],"version-history":[{"count":1,"href":"http:\/\/diesterweg-grundschule-pirna.de\/index.php?rest_route=\/wp\/v2\/pages\/857\/revisions"}],"predecessor-version":[{"id":886,"href":"http:\/\/diesterweg-grundschule-pirna.de\/index.php?rest_route=\/wp\/v2\/pages\/857\/revisions\/886"}],"wp:attachment":[{"href":"http:\/\/diesterweg-grundschule-pirna.de\/index.php?rest_route=%2Fwp%2Fv2%2Fmedia&parent=857"}],"curies":[{"name":"wp","href":"https:\/\/api.w.org\/{rel}","templated":true}]}}