{"id":865,"date":"2020-03-27T16:19:19","date_gmt":"2020-03-27T16:19:19","guid":{"rendered":"http:\/\/diesterweg-grundschule-pirna.de\/?page_id=865"},"modified":"2024-12-16T18:47:13","modified_gmt":"2024-12-16T18:47:13","slug":"bibliothek-2","status":"publish","type":"page","link":"http:\/\/diesterweg-grundschule-pirna.de\/?page_id=865","title":{"rendered":"Bibliothek"},"content":{"rendered":"\n<p>Lesen macht Spa\u00df \u2013 und bei uns gibt es jede Menge zu entdecken! Unsere Schulbibliothek ist der perfekte Ort, um in spannende Geschichten einzutauchen, neues Wissen zu entdecken oder einfach eine entspannte Pause zu genie\u00dfen.<\/p>\n\n\n\n<p><strong>\u00d6ffnungszeiten:<\/strong><br>Montags und Donnerstags in der Hofpause von 10:10 bis 10:40 Uhr.<\/p>\n\n\n\n<p>Alle Sch\u00fclerinnen und Sch\u00fcler sind herzlich eingeladen, vorbeizuschauen, zu st\u00f6bern und sich B\u00fccher auszuleihen. Unsere Frau Kegler freut sich auf euren Besuch! <\/p>\n\n\n\n<figure class=\"wp-block-image size-large\"><img fetchpriority=\"high\" decoding=\"async\" width=\"810\" height=\"1080\" src=\"https:\/\/diesterweg-grundschule-pirna.de\/wp-content\/uploads\/2024\/12\/IMG_0321-2-810x1080.jpeg\" alt=\"\" class=\"wp-image-2336\" srcset=\"http:\/\/diesterweg-grundschule-pirna.de\/wp-content\/uploads\/2024\/12\/IMG_0321-2-810x1080.jpeg 810w, http:\/\/diesterweg-grundschule-pirna.de\/wp-content\/uploads\/2024\/12\/IMG_0321-2-225x300.jpeg 225w, http:\/\/diesterweg-grundschule-pirna.de\/wp-content\/uploads\/2024\/12\/IMG_0321-2-768x1024.jpeg 768w, http:\/\/diesterweg-grundschule-pirna.de\/wp-content\/uploads\/2024\/12\/IMG_0321-2-1152x1536.jpeg 1152w, http:\/\/diesterweg-grundschule-pirna.de\/wp-content\/uploads\/2024\/12\/IMG_0321-2-1536x2048.jpeg 1536w, http:\/\/diesterweg-grundschule-pirna.de\/wp-content\/uploads\/2024\/12\/IMG_0321-2-scaled.jpeg 1920w\" sizes=\"(max-width: 810px) 100vw, 810px\" \/><\/figure>\n\n\n\n<hr class=\"wp-block-separator has-css-opacity\"\/>\n\n\n\n<p><\/p>\n","protected":false},"excerpt":{"rendered":"<p>Lesen macht Spa\u00df \u2013 und bei uns gibt es jede Menge zu entdecken! Unsere Schulbibliothek ist der perfekte Ort, um &hellip; <\/p>\n","protected":false},"author":1,"featured_media":0,"parent":0,"menu_order":0,"comment_status":"closed","ping_status":"closed","template":"","meta":{"ngg_post_thumbnail":0,"footnotes":""},"class_list":["post-865","page","type-page","status-publish","hentry","latest_post"],"_links":{"self":[{"href":"http:\/\/diesterweg-grundschule-pirna.de\/index.php?rest_route=\/wp\/v2\/pages\/865"}],"collection":[{"href":"http:\/\/diesterweg-grundschule-pirna.de\/index.php?rest_route=\/wp\/v2\/pages"}],"about":[{"href":"http:\/\/diesterweg-grundschule-pirna.de\/index.php?rest_route=\/wp\/v2\/types\/page"}],"author":[{"embeddable":true,"href":"http:\/\/diesterweg-grundschule-pirna.de\/index.php?rest_route=\/wp\/v2\/users\/1"}],"replies":[{"embeddable":true,"href":"http:\/\/diesterweg-grundschule-pirna.de\/index.php?rest_route=%2Fwp%2Fv2%2Fcomments&post=865"}],"version-history":[{"count":9,"href":"http:\/\/diesterweg-grundschule-pirna.de\/index.php?rest_route=\/wp\/v2\/pages\/865\/revisions"}],"predecessor-version":[{"id":2339,"href":"http:\/\/diesterweg-grundschule-pirna.de\/index.php?rest_route=\/wp\/v2\/pages\/865\/revisions\/2339"}],"wp:attachment":[{"href":"http:\/\/diesterweg-grundschule-pirna.de\/index.php?rest_route=%2Fwp%2Fv2%2Fmedia&parent=865"}],"curies":[{"name":"wp","href":"https:\/\/api.w.org\/{rel}","templated":true}]}}