{"id":21,"date":"2018-11-20T19:32:12","date_gmt":"2018-11-20T19:32:12","guid":{"rendered":"http:\/\/diesterweg-grundschule-pirna.de\/?page_id=21"},"modified":"2024-09-25T05:44:21","modified_gmt":"2024-09-25T05:44:21","slug":"impressum","status":"publish","type":"page","link":"https:\/\/diesterweg-grundschule-pirna.de\/?page_id=21","title":{"rendered":"Impressum\/Datenschutz"},"content":{"rendered":"<div class=\"page\" title=\"Page 1\">\n<div class=\"section\">\n<div class=\"layoutArea\">\n<div class=\"column\">\n<p>&lt;&lt; Transparenzhinweis:<br \/>\nSeit 1. Januar 2023 ist das S\u00e4chsische Transparenzgesetz vom 19. August 2022 (S\u00e4chs-GVBl. S. 486) in Kraft. Es gew\u00e4hrt jeder Person ein Recht auf Zugang zu den bei einer transparenzpflichtigen Stelle im Freistaat Sachsen verf\u00fcgbaren Informationen, soweit keine Ausnahme gilt (Transparenzan- spruch). Schulen sind transparenzpflichtige Stellen nur, soweit Informationen \u00fcber den Namen von Drittmittelgebern, die H\u00f6he der Drittmittel und die Lauf- zeit der mit Drittmitteln finanzierten abgeschlossenen Forschungsvorhaben betroffen sind. &gt;&gt;<\/p>\n<\/div>\n<\/div>\n<\/div>\n<\/div>\n<p><strong>Impressum<\/strong><\/p>\n<p style=\"font-weight: 400;\">Die Internet-Pr\u00e4senz <strong>www.diesterweg-grundschule-pirna.de<\/strong> ist die offizielle Homepage der Diesterweg-Grundschule Pirna-Copitz. Verantwortlich f\u00fcr den Inhalt ist die Schulleitung.<\/p>\n<table style=\"font-weight: 400; height: 403px;\" width=\"653\">\n<tbody>\n<tr>\n<td width=\"373\">Postanschrift&nbsp;&nbsp;&nbsp;&nbsp;<\/p>\n<p>Schulleiterin<\/p>\n<p>Telefon<\/p>\n<p>E-Mail<\/p>\n<p>Schultr\u00e4ger<br \/>\nSchulart<\/td>\n<td width=\"471\">F.-A.-W.-Diesterweg-Grundschule<br \/>\nProf-Ro\u00dfm\u00e4\u00dfler-Str. 42<br \/>\n<span style=\"font-family: inherit; font-size: inherit;\">01796 Pirna OT Copitz&nbsp;<\/span>&nbsp;&nbsp;&nbsp;Frau Lisa Bernstein<\/p>\n<p>(03501) 52 73 28<\/p>\n<p>gsdiesterweg@pirna.de<\/p>\n<p>Stadtverwaltung Pirna<br \/>\nAllgemeinbildende Schule &#8211; Grundschule<\/td>\n<\/tr>\n<tr>\n<td width=\"373\">&nbsp;<\/td>\n<td width=\"471\">&nbsp;<\/td>\n<\/tr>\n<tr>\n<td width=\"373\">&nbsp;<\/td>\n<td width=\"471\">&nbsp;<\/td>\n<\/tr>\n<\/tbody>\n<\/table>\n<p><em>Haftungsausschluss<\/em><\/p>\n<p style=\"font-weight: 400;\">Die Autoren \u00fcbernehmen keinerlei Gew\u00e4hr f\u00fcr die Aktualit\u00e4t, Korrektheit, Vollst\u00e4ndigkeit oder Qualit\u00e4t der bereitgestellten Informationen. Haftungsanspr\u00fcche gegen die Autoren, die sich auf Sch\u00e4den materieller oder ideeller Art beziehen, welche durch die Nutzung oder Nichtnutzung der dargebotenen Informationen bzw. durch die Nutzung fehlerhafter und unvollst\u00e4ndiger Informationen verursacht wurden sind grunds\u00e4tzlich ausgeschlossen, sofern seitens der Autoren kein nachweislich vors\u00e4tzliches oder grob fahrl\u00e4ssiges Verschulden vorliegt.<\/p>\n<p><em>Verweise und Links<\/em><br \/>\nBei direkten oder indirekten Verweisen auf fremde Internetseiten (&#8220;Links&#8221;), die au\u00dferhalb des Verantwortungsbereiches des Autors liegen, tritt eine Haftungsverpflichtung ausschlie\u00dflich in dem Fall in Kraft, in dem der Autor von den Inhalten Kenntnis hat, er sich von ihnen nicht ausdr\u00fccklich distanziert und es ihm technisch m\u00f6glich und zumutbar w\u00e4re, die Nutzung im Falle rechtswidriger Inhalte zu verhindern. Der Autor erkl\u00e4rt daher ausdr\u00fccklich, dass zum Zeitpunkt der Linksetzung die entsprechenden verlinkten Seiten frei von illegalen Inhalten waren. Der Autor hat keinerlei Einfluss auf die aktuelle und zuk\u00fcnftige Gestaltung und auf die Inhalte der gelinkten\/verkn\u00fcpften Seiten. Deshalb distanziert er sich hiermit ausdr\u00fccklich von allen Inhalten aller gelinkten \/ verkn\u00fcpften Seiten und macht sich diese unter keinen Umst\u00e4nden zu Eigen. Diese Feststellung gilt f\u00fcr alle innerhalb des eigenen Internetangebotes gesetzten Links und Verweise sowie f\u00fcr Fremdeintr\u00e4ge in vom Autor eingerichteten G\u00e4steb\u00fcchern, Diskussionsforen und Mailinglisten. F\u00fcr illegale, fehlerhafte oder unvollst\u00e4ndige Inhalte und insbesondere f\u00fcr Sch\u00e4den, die aus der Nutzung oder Nichtnutzung solcherart dargebotener Informationen entstehen, haftet allein der Anbieter der Seite, auf welche verwiesen wurde, nicht derjenige, der \u00fcber Links auf die jeweilige Ver\u00f6ffentlichung lediglich verweist.<\/p>\n<p><strong>Datenschutzerkl\u00e4rung<\/strong><\/p>\n<p>Wir nehmen den Schutz Ihrer pers\u00f6nlichen Daten sehr ernst, daher behandeln wir Ihre personenbezogenen Daten vertraulich und entsprechend der gesetzlichen Datenschutzvorschriften sowie dieser Datenschutzerkl\u00e4rung.<\/p>\n<p>Die Nutzung unserer Webseite ist ohne Angabe personenbezogener Daten m\u00f6glich. Soweit auf unseren Seiten personenbezogene Daten (beispielsweise Name, Anschrift oder E-Mail-Adressen) erhoben werden, erfolgt dies stets auf freiwilliger Basis. Diese Daten werden ohne Ihre ausdr\u00fcckliche Zustimmung nicht an Dritte weitergegeben.<\/p>\n","protected":false},"excerpt":{"rendered":"<p>&lt;&lt; Transparenzhinweis: Seit 1. Januar 2023 ist das S\u00e4chsische Transparenzgesetz vom 19. August 2022 (S\u00e4chs-GVBl. S. 486) in Kraft. Es &hellip; <\/p>\n","protected":false},"author":1,"featured_media":0,"parent":0,"menu_order":0,"comment_status":"closed","ping_status":"closed","template":"","meta":{"ngg_post_thumbnail":0,"footnotes":""},"class_list":["post-21","page","type-page","status-publish","hentry","latest_post"],"_links":{"self":[{"href":"https:\/\/diesterweg-grundschule-pirna.de\/index.php?rest_route=\/wp\/v2\/pages\/21"}],"collection":[{"href":"https:\/\/diesterweg-grundschule-pirna.de\/index.php?rest_route=\/wp\/v2\/pages"}],"about":[{"href":"https:\/\/diesterweg-grundschule-pirna.de\/index.php?rest_route=\/wp\/v2\/types\/page"}],"author":[{"embeddable":true,"href":"https:\/\/diesterweg-grundschule-pirna.de\/index.php?rest_route=\/wp\/v2\/users\/1"}],"replies":[{"embeddable":true,"href":"https:\/\/diesterweg-grundschule-pirna.de\/index.php?rest_route=%2Fwp%2Fv2%2Fcomments&post=21"}],"version-history":[{"count":20,"href":"https:\/\/diesterweg-grundschule-pirna.de\/index.php?rest_route=\/wp\/v2\/pages\/21\/revisions"}],"predecessor-version":[{"id":2192,"href":"https:\/\/diesterweg-grundschule-pirna.de\/index.php?rest_route=\/wp\/v2\/pages\/21\/revisions\/2192"}],"wp:attachment":[{"href":"https:\/\/diesterweg-grundschule-pirna.de\/index.php?rest_route=%2Fwp%2Fv2%2Fmedia&parent=21"}],"curies":[{"name":"wp","href":"https:\/\/api.w.org\/{rel}","templated":true}]}}