{"id":2467,"date":"2026-01-28T11:48:04","date_gmt":"2026-01-28T11:48:04","guid":{"rendered":"https:\/\/diesterweg-grundschule-pirna.de\/?page_id=2467"},"modified":"2026-01-28T12:14:13","modified_gmt":"2026-01-28T12:14:13","slug":"projekte","status":"publish","type":"page","link":"https:\/\/diesterweg-grundschule-pirna.de\/?page_id=2467","title":{"rendered":"Projekte"},"content":{"rendered":"\n<p class=\"has-vivid-red-color has-text-color has-link-color has-large-font-size wp-elements-5e28ff7390142bd29d44a27b18b85642\"><strong>Projekt Chancenpatenschaften<\/strong><\/p>\n\n\n\n<p><strong>Sch\u00fcler und Sch\u00fclerinnen der Klassen 1b und 3b unserer Schule haben Tandems gebildet. Durch verschiedene Projekte m\u00f6chten wir unsere Gemeinschaft st\u00e4rken. Unser Anliegen ist es die Teilnahme f\u00fcr m\u00f6glichst viele Kinder an unseren besonderen Angeboten zu verwirklichen.<\/strong><\/p>\n\n\n\n<p><strong>Unser Engagement wird unterst\u00fctzt von der Spendenorganisation\u00a0Stiftung Bildung\u00a0als Programmtr\u00e4gerin von \u201eMenschen st\u00e4rken Menschen \u2013 Chancenpatenschaften\u201c \u2013 gef\u00f6rdert durch das Bundesministerium f\u00fcr Bildung, Familie, Senioren, Frauen und Jugend<\/strong>.<\/p>\n\n\n\n<figure class=\"wp-block-image size-large is-resized\"><img fetchpriority=\"high\" decoding=\"async\" width=\"1080\" height=\"216\" src=\"https:\/\/diesterweg-grundschule-pirna.de\/wp-content\/uploads\/2026\/01\/250512_LogobannerCHP_1500x300-1080x216.jpg\" alt=\"\" class=\"wp-image-2471\" style=\"width:1092px;height:auto\" srcset=\"https:\/\/diesterweg-grundschule-pirna.de\/wp-content\/uploads\/2026\/01\/250512_LogobannerCHP_1500x300-1080x216.jpg 1080w, https:\/\/diesterweg-grundschule-pirna.de\/wp-content\/uploads\/2026\/01\/250512_LogobannerCHP_1500x300-300x60.jpg 300w, https:\/\/diesterweg-grundschule-pirna.de\/wp-content\/uploads\/2026\/01\/250512_LogobannerCHP_1500x300-768x153.jpg 768w, https:\/\/diesterweg-grundschule-pirna.de\/wp-content\/uploads\/2026\/01\/250512_LogobannerCHP_1500x300-1536x307.jpg 1536w, https:\/\/diesterweg-grundschule-pirna.de\/wp-content\/uploads\/2026\/01\/250512_LogobannerCHP_1500x300-2048x409.jpg 2048w\" sizes=\"(max-width: 1080px) 100vw, 1080px\" \/><\/figure>\n\n\n\n<p><\/p>\n","protected":false},"excerpt":{"rendered":"<p>Projekt Chancenpatenschaften Sch\u00fcler und Sch\u00fclerinnen der Klassen 1b und 3b unserer Schule haben Tandems gebildet. Durch verschiedene Projekte m\u00f6chten wir &hellip; <\/p>\n","protected":false},"author":1,"featured_media":0,"parent":0,"menu_order":0,"comment_status":"closed","ping_status":"closed","template":"","meta":{"ngg_post_thumbnail":0,"footnotes":""},"class_list":["post-2467","page","type-page","status-publish","hentry","latest_post"],"_links":{"self":[{"href":"https:\/\/diesterweg-grundschule-pirna.de\/index.php?rest_route=\/wp\/v2\/pages\/2467"}],"collection":[{"href":"https:\/\/diesterweg-grundschule-pirna.de\/index.php?rest_route=\/wp\/v2\/pages"}],"about":[{"href":"https:\/\/diesterweg-grundschule-pirna.de\/index.php?rest_route=\/wp\/v2\/types\/page"}],"author":[{"embeddable":true,"href":"https:\/\/diesterweg-grundschule-pirna.de\/index.php?rest_route=\/wp\/v2\/users\/1"}],"replies":[{"embeddable":true,"href":"https:\/\/diesterweg-grundschule-pirna.de\/index.php?rest_route=%2Fwp%2Fv2%2Fcomments&post=2467"}],"version-history":[{"count":3,"href":"https:\/\/diesterweg-grundschule-pirna.de\/index.php?rest_route=\/wp\/v2\/pages\/2467\/revisions"}],"predecessor-version":[{"id":2473,"href":"https:\/\/diesterweg-grundschule-pirna.de\/index.php?rest_route=\/wp\/v2\/pages\/2467\/revisions\/2473"}],"wp:attachment":[{"href":"https:\/\/diesterweg-grundschule-pirna.de\/index.php?rest_route=%2Fwp%2Fv2%2Fmedia&parent=2467"}],"curies":[{"name":"wp","href":"https:\/\/api.w.org\/{rel}","templated":true}]}}