{"id":538,"date":"2019-04-15T13:53:52","date_gmt":"2019-04-15T13:53:52","guid":{"rendered":"http:\/\/diesterweg-grundschule-pirna.de\/?page_id=538"},"modified":"2026-03-19T11:00:32","modified_gmt":"2026-03-19T11:00:32","slug":"schulsozialarbeit","status":"publish","type":"page","link":"https:\/\/diesterweg-grundschule-pirna.de\/?page_id=538","title":{"rendered":"Schulsozialarbeit"},"content":{"rendered":"\n<div class=\"wp-block-group\"><div class=\"wp-block-group__inner-container is-layout-flow wp-block-group-is-layout-flow\">\n<div class=\"wp-block-columns is-layout-flex wp-container-core-columns-is-layout-1 wp-block-columns-is-layout-flex\">\n<div class=\"wp-block-column is-layout-flow wp-block-column-is-layout-flow\" style=\"flex-basis:33.34%\"><div class=\"wp-block-image\">\n<figure class=\"aligncenter is-resized\"><img decoding=\"async\" src=\"https:\/\/lh3.googleusercontent.com\/t_xhpGXFlFAW9Ynz57fXbUxvPx6uHl9oeDKrLQjhHr1i5AOsPyfIgtVNoMKFmFh_OBNjbCoT7NWvAG6j2hFfY81xtf4yLVpZPbCCpAF7yjRP2unTJwuBVj8FJh_CQ73KAcsAtbH02F47-77mxQ\" alt=\"\" style=\"width:242px;height:59px\"\/><\/figure><\/div><\/div>\n<\/div>\n<\/div><\/div>\n\n\n\n<p><br><strong>Was macht Schulsozialarbeit?<\/strong><\/p>\n\n\n\n<p>Die grundlegende Aufgabe der Schulsozialarbeit besteht darin\nSch\u00fclerInnen in ihrer individuellen und sozial-emotionalen Entwicklung zu\nunterst\u00fctzen.<\/p>\n\n\n\n<ul class=\"wp-block-list\">\n<li>Ansprechpartner f\u00fcr Sch\u00fclerInnen<\/li>\n\n\n\n<li>Beratungsangebote f\u00fcr Eltern<\/li>\n\n\n\n<li>Kooperation und Beratung mit \/ von Lehrern<\/li>\n\n\n\n<li>Unterst\u00fctzung und Gestaltung von \u00dcberg\u00e4ngen (Kita \u2013 Grundschule \u2013 Oberschule)<\/li>\n\n\n\n<li>St\u00e4rkung der individuellen Pers\u00f6nlichkeit und <br>des Selbstbewusstseins<\/li>\n\n\n\n<li>F\u00f6rderung der sozialen und pers\u00f6nlichen Entwicklung <br>und Kompetenzen<\/li>\n\n\n\n<li>Beratung und Unterst\u00fctzung bei Krisen- und Problemlagen<\/li>\n\n\n\n<li>Begleitung bei der Gestaltung eines positiven Klassenklimas \/ <br>positiven Miteinanders<\/li>\n\n\n\n<li>Integration von Sch\u00fclern mit Migrationshintergrund<\/li>\n\n\n\n<li>bedarfsorientierte Pr\u00e4ventions- und Projektarbeit (u.a. Gewalt, Mobbing, Medien, Schulverweigerung)<\/li>\n\n\n\n<li>Feriengestaltung<\/li>\n\n\n\n<li>Intervention \/ Vernetzung bei Schulverweigerung<\/li>\n\n\n\n<li>Sozialr\u00e4umliche Vernetzung<\/li>\n<\/ul>\n\n\n\n<hr class=\"wp-block-separator has-css-opacity\"\/>\n\n\n\n<p><strong>Ansprechpartnerin:<\/strong><\/p>\n\n\n\n<p>Frau Funke, Dipl.-P\u00e4dagogin\/Ergotherapeutin<\/p>\n\n\n\n<hr class=\"wp-block-separator has-css-opacity\"\/>\n\n\n\n<p><strong>Sprechzeiten<\/strong><em> <\/em>(<em>in der Regel)<\/em>:<\/p>\n\n\n\n<p>08:00 Uhr \u2013 14:00 Uhr im Raum 2.09<\/p>\n\n\n\n<p><strong>Gespr\u00e4chstermine k\u00f6nnen jederzeit pers\u00f6nlich vereinbart werden.&nbsp;<\/strong><\/p>\n\n\n\n<p><strong>Termine sind nach Absprache auch au\u00dferhalb der angegebenen Zeiten m\u00f6glich sowie \u00fcber Videokonferenzen (Lernsax, BigBlueBotton).<\/strong><strong><\/strong><\/p>\n\n\n\n<hr class=\"wp-block-separator has-css-opacity\"\/>\n\n\n\n<p>Telefon: 0172 \/ 1652998<\/p>\n\n\n\n<p>E-Mail: <a href=\"mailto:dana.funke@awo-kiju.de\" target=\"_blank\" rel=\"noreferrer noopener\">dana.funke@awo-kiju.de<\/a><\/p>\n\n\n\n<p><\/p>\n\n\n\n<figure class=\"wp-block-image\"><img fetchpriority=\"high\" decoding=\"async\" width=\"1024\" height=\"768\" src=\"http:\/\/diesterweg-grundschule-pirna.de\/wp-content\/uploads\/2019\/04\/Bild1-1024x768.png\" alt=\"\" class=\"wp-image-539\" srcset=\"https:\/\/diesterweg-grundschule-pirna.de\/wp-content\/uploads\/2019\/04\/Bild1.png 1024w, https:\/\/diesterweg-grundschule-pirna.de\/wp-content\/uploads\/2019\/04\/Bild1-300x225.png 300w, https:\/\/diesterweg-grundschule-pirna.de\/wp-content\/uploads\/2019\/04\/Bild1-768x576.png 768w\" sizes=\"(max-width: 1024px) 100vw, 1024px\" \/><\/figure>\n\n\n\n<p>Schulsozialarbeit ist ein kostenloses, freiwilliges und vertrauliches Angebot!<\/p>\n\n\n\n<p>Diese Ma\u00dfnahme wird mitfinaziert durch Steuermittel auf der Grundlage des vom S\u00e4chsischen Landtag beschlossenen Haushaltes. <\/p>\n\n\n<div class=\"wp-block-image\">\n<figure class=\"alignleft\"><img decoding=\"async\" src=\"https:\/\/lh4.googleusercontent.com\/uv6FCbm3uhvp1TNA9zneFf3hP1cS3dYYntNnXRTkhAZ3J2DbwC-bGhsUGLq6-I_f4aEhh0coBE50isXZqGicZmUnkYxzi04EEQcvRNJ7llAdV4Uv9jB0T9PcRqlPLHbDqHzmzKbntdub_Ze-HQ\" alt=\"\"\/><figcaption class=\"wp-element-caption\"><br><\/figcaption><\/figure><\/div>\n\n<div class=\"wp-block-image\">\n<figure class=\"alignright is-resized\"><img decoding=\"async\" src=\"https:\/\/lh3.googleusercontent.com\/-flyTw_KP__tsGSYJ7vOJO9iarkN4MolRqxJ_LgRlygtMRtce6cjdH6NBx2EpKitwsePK0Q7wpm7u50y5R8ZX-i2ANHqUajKVS7H49Gqeg7Gn6tuQIC0dTv0F5FF6QTtfsMlfNRMyvkiaOT-wA\" alt=\"\" style=\"width:117px;height:144px\"\/><\/figure><\/div>","protected":false},"excerpt":{"rendered":"<p>Was macht Schulsozialarbeit? Die grundlegende Aufgabe der Schulsozialarbeit besteht darin Sch\u00fclerInnen in ihrer individuellen und sozial-emotionalen Entwicklung zu unterst\u00fctzen. Ansprechpartnerin: &hellip; <\/p>\n","protected":false},"author":1,"featured_media":0,"parent":0,"menu_order":0,"comment_status":"closed","ping_status":"closed","template":"","meta":{"ngg_post_thumbnail":0,"footnotes":""},"class_list":["post-538","page","type-page","status-publish","hentry","latest_post"],"_links":{"self":[{"href":"https:\/\/diesterweg-grundschule-pirna.de\/index.php?rest_route=\/wp\/v2\/pages\/538"}],"collection":[{"href":"https:\/\/diesterweg-grundschule-pirna.de\/index.php?rest_route=\/wp\/v2\/pages"}],"about":[{"href":"https:\/\/diesterweg-grundschule-pirna.de\/index.php?rest_route=\/wp\/v2\/types\/page"}],"author":[{"embeddable":true,"href":"https:\/\/diesterweg-grundschule-pirna.de\/index.php?rest_route=\/wp\/v2\/users\/1"}],"replies":[{"embeddable":true,"href":"https:\/\/diesterweg-grundschule-pirna.de\/index.php?rest_route=%2Fwp%2Fv2%2Fcomments&post=538"}],"version-history":[{"count":21,"href":"https:\/\/diesterweg-grundschule-pirna.de\/index.php?rest_route=\/wp\/v2\/pages\/538\/revisions"}],"predecessor-version":[{"id":2478,"href":"https:\/\/diesterweg-grundschule-pirna.de\/index.php?rest_route=\/wp\/v2\/pages\/538\/revisions\/2478"}],"wp:attachment":[{"href":"https:\/\/diesterweg-grundschule-pirna.de\/index.php?rest_route=%2Fwp%2Fv2%2Fmedia&parent=538"}],"curies":[{"name":"wp","href":"https:\/\/api.w.org\/{rel}","templated":true}]}}