{"id":852,"date":"2020-03-27T16:26:41","date_gmt":"2020-03-27T16:26:41","guid":{"rendered":"http:\/\/diesterweg-grundschule-pirna.de\/?page_id=852"},"modified":"2024-11-25T16:02:20","modified_gmt":"2024-11-25T16:02:20","slug":"hausordnung-2","status":"publish","type":"page","link":"https:\/\/diesterweg-grundschule-pirna.de\/?page_id=852","title":{"rendered":"Hausordnung"},"content":{"rendered":"\n<hr class=\"wp-block-separator has-css-opacity\"\/>\n\n\n\n<ol class=\"wp-block-list\">\n<li><strong>Einlass und Schulschluss<\/strong>\n<ul class=\"wp-block-list\">\n<li>Der Einlass zur ersten Stunde erfolgt ab 7.15 Uhr<\/li>\n\n\n\n<li>Vor Einlass in die Schule warten die Sch\u00fclerinnen und Sch\u00fcler ruhig vor dem Haupteingang auf dem S\u00fcdhof. Die Spielger\u00e4te werden in dieser Zeit nicht benutzt. Auch von Fangerspielen wird abgesehen.<\/li>\n\n\n\n<li>Sch\u00fclerinnen und Sch\u00fcler, deren Unterricht erst zur zweiten Stunde beginnt, warten in selber Weise, wie im vorherigen Punkt beschrieben, bis zum Ende der ersten Unterrichtsstunde vor dem Haupteingang auf dem S\u00fcdhof.<\/li>\n\n\n\n<li>Die Aufsichtspflicht der Lehrkr\u00e4fte beginnt 7.15 Uhr mit Einlass in die Schule und endet nach Schulschluss.<\/li>\n\n\n\n<li>Im Schulgeb\u00e4ude besteht Hausschuhpflicht.<\/li>\n\n\n\n<li>Nur die Garderobe (<strong><u>keine<\/u><\/strong>\u00a0Steine, Kastanien, St\u00f6cke etc.) wird im eigenen Spind ordentlich abgelegt. Wertsachen geh\u00f6ren in die Schultasche.\u00a0<\/li>\n\n\n\n<li>Als Aufgang darf nur die Treppe am Hausmeisterzimmer, als Abgang die Treppe, die zum Sekretariat f\u00fchrt, genutzt werden.<\/li>\n\n\n\n<li>Fahrr\u00e4der sind auf den vorgesehenen Fl\u00e4chen abzustellen. Auf dem Schulgel\u00e4nde wird das Rad geschoben.<\/li>\n\n\n\n<li>Nach dem Unterricht verlassen die Sch\u00fclerinnen und Sch\u00fcler nach Erledigung ihrer Klassendienste umgehend das Schulgeb\u00e4ude.<\/li>\n\n\n\n<li><\/li>\n<\/ul>\n<\/li>\n\n\n\n<li><strong>Pausenordnung<\/strong>\n<ul class=\"wp-block-list\">\n<li><a>In der Fr\u00fchst\u00fcckspause (8.15 \u2013 8.30 Uhr) wird das Fr\u00fchst\u00fcck im Zimmer eingenommen.<\/a><\/li>\n\n\n\n<li>Ein Zimmerwechsel erfolgt erst 5 Minuten vor Unterrichtsbeginn.<\/li>\n\n\n\n<li>An den Spinden wird sich r\u00fccksichtsvoll verhalten.<\/li>\n\n\n\n<li><strong>Hofpause<\/strong>\n<ul class=\"wp-block-list\">\n<li>Alle Sch\u00fclerinnen und Sch\u00fcler begeben sich\u00a0<strong>sofort\u00a0<\/strong>nach dem Schuhwechsel auf den Schulhof.\u00a0<\/li>\n\n\n\n<li>Der Hof ist erst zu betreten, wenn eine Aufsicht f\u00fchrende Lehrkraft die T\u00fcren zum Hof \u00f6ffnet.\u00a0<\/li>\n\n\n\n<li>Die Klassenzimmer sind in der Hofpause von den Lehrkr\u00e4ften zu verschlie\u00dfen.<\/li>\n\n\n\n<li>Die Nestschaukel darf nur von 3 Kindern gleichzeitig im Sitzen genutzt werden.\u00a0<\/li>\n\n\n\n<li>Auf dem Fu\u00dfballplatz sind ausschlie\u00dflich die \u201eDrau\u00dfen-Turnschuhe\u201c aus der Sporttasche zu tragen.\u00a0<\/li>\n\n\n\n<li>Spielger\u00e4te jeglicher Art werden sorgsam behandelt und am Ende der Hofpause ordnungsgem\u00e4\u00df abgegeben.<\/li>\n<\/ul>\n<\/li>\n\n\n\n<li>Die Toiletten werden nach der Benutzung sauber und z\u00fcgig verlassen. G\u00e4ngige Hygienema\u00dfnahmen werden stets eingehalten, um Infektionskrankheiten zu vermeiden.\u00a0<\/li>\n<\/ul>\n<\/li>\n\n\n\n<li><strong>Verlassen der Klassenzimmer nach Beendigung des Unterrichts<\/strong>\n<ul class=\"wp-block-list\">\n<li>Es werden die St\u00fchle auf die B\u00e4nke gestellt (au\u00dfer dienstags und donnerstags).<\/li>\n\n\n\n<li>Die Tafel wird komplett (nass, streifenfrei) ges\u00e4ubert (Lappen gr\u00fcndlich aussp\u00fclen).<\/li>\n\n\n\n<li>Die Fenster werden verriegelt.<\/li>\n\n\n\n<li>Es erfolgt eine Sichtkontrolle des Zimmers (Papier u.a. auflesen).<\/li>\n\n\n\n<li>Das Klassenzimmer wird vom Kehrdienst gefegt.<\/li>\n<\/ul>\n<\/li>\n\n\n\n<li><strong>Unterrichtsmaterialien<\/strong>\n<ul class=\"wp-block-list\">\n<li>Alle Sch\u00fclerinnen und Sch\u00fcler haben mit den Einrichtungsgegenst\u00e4nden sorgsam umzugehen und die Unterrichtsmittel pfleglich zu behandeln.<\/li>\n\n\n\n<li>Fenster werden nur von Erwachsenen ge\u00f6ffnet oder geschlossen. Rolll\u00e4den k\u00f6nnen unter Aufsicht der Lehrkr\u00e4fte bedient werden.<\/li>\n\n\n\n<li>Alle weiteren Bedienungselemente d\u00fcrfen ausnahmslos nur von Erwachsenen\u00a0benutzt werden.<\/li>\n\n\n\n<li>Die Nutzung der interaktiven Tafeln, Tablets und Anzeigeger\u00e4ten ist nur unter Aufsicht der Lehrkraft gestattet.<\/li>\n\n\n\n<li>F\u00fcr mutwillige Zerst\u00f6rungen oder Besch\u00e4digungen im Schulbereich durch Sch\u00fclerinnen oder Sch\u00fcler haften die Eltern.\u00a0<\/li>\n<\/ul>\n<\/li>\n\n\n\n<li><strong>Verhalten im Schulhaus<\/strong>\n<ul class=\"wp-block-list\">\n<li>Alle Sch\u00fclerinnen und Sch\u00fcler gehen im Schulhaus grunds\u00e4tzlich langsam.<\/li>\n\n\n\n<li>Im gesamten Schulbereich wird L\u00e4rm vermieden.<\/li>\n\n\n\n<li>Alle Sch\u00fclerinnen und Sch\u00fcler sind freundlich und hilfsbereit. Erwachsene werden gegr\u00fc\u00dft.<\/li>\n\n\n\n<li>Konflikte werden nicht mit Gewalt gel\u00f6st.<\/li>\n\n\n\n<li>Der Garderobenbereich wird nach dem Umziehen z\u00fcgig verlassen.<\/li>\n<\/ul>\n<\/li>\n\n\n\n<li><strong>Die Benutzung von privatem elektronischem Spielzeug sowie mobiler Endger\u00e4te mit Kamera- und Aufnahmefunktion, einschlie\u00dflich \u201eSmartwatches\u201c sind in der Schule und dem Schulgel\u00e4nde nicht gestattet.<\/strong>\n<ul class=\"wp-block-list\">\n<li><\/li>\n<\/ul>\n<\/li>\n\n\n\n<li><strong>Mitgebrachte Spielzeuge (bspw. Sammelkarten und Kuscheltiere) verbleiben im Ranzen.\u00a0<\/strong>\n<ul class=\"wp-block-list\">\n<li><\/li>\n<\/ul>\n<\/li>\n\n\n\n<li><strong>Bei Alarm gilt die Alarm-Ordnung! Extra-Aushang<\/strong>\n<ul class=\"wp-block-list\">\n<li><\/li>\n<\/ul>\n<\/li>\n\n\n\n<li><strong>Im engen schulischen Bereich (Aufenthalt in der Schule sowie Teilnahme an schulischen Veranstaltungen) besteht ein striktes Verbot, Cannabisprodukte, gleich in welcher Menge und Form, mit sich zu f\u00fchren. Dies gilt f\u00fcr alle Personen, die sich im Schulgeb\u00e4ude und auf dem Schulgel\u00e4nde aufhalten bzw. an verbindlichen schulischen Veranstaltungen (\u00a7 26 S\u00e4chsSchulG) teilnehmen. Auch das Rauchen sowie das Konsumieren von Alkohol ist auf dem gesamten Schulgel\u00e4nde nicht gestattet.<\/strong><\/li>\n<\/ol>\n\n\n\n<p><\/p>\n","protected":false},"excerpt":{"rendered":"","protected":false},"author":1,"featured_media":0,"parent":0,"menu_order":0,"comment_status":"closed","ping_status":"closed","template":"","meta":{"ngg_post_thumbnail":0,"footnotes":""},"class_list":["post-852","page","type-page","status-publish","hentry","latest_post"],"_links":{"self":[{"href":"https:\/\/diesterweg-grundschule-pirna.de\/index.php?rest_route=\/wp\/v2\/pages\/852"}],"collection":[{"href":"https:\/\/diesterweg-grundschule-pirna.de\/index.php?rest_route=\/wp\/v2\/pages"}],"about":[{"href":"https:\/\/diesterweg-grundschule-pirna.de\/index.php?rest_route=\/wp\/v2\/types\/page"}],"author":[{"embeddable":true,"href":"https:\/\/diesterweg-grundschule-pirna.de\/index.php?rest_route=\/wp\/v2\/users\/1"}],"replies":[{"embeddable":true,"href":"https:\/\/diesterweg-grundschule-pirna.de\/index.php?rest_route=%2Fwp%2Fv2%2Fcomments&post=852"}],"version-history":[{"count":9,"href":"https:\/\/diesterweg-grundschule-pirna.de\/index.php?rest_route=\/wp\/v2\/pages\/852\/revisions"}],"predecessor-version":[{"id":2275,"href":"https:\/\/diesterweg-grundschule-pirna.de\/index.php?rest_route=\/wp\/v2\/pages\/852\/revisions\/2275"}],"wp:attachment":[{"href":"https:\/\/diesterweg-grundschule-pirna.de\/index.php?rest_route=%2Fwp%2Fv2%2Fmedia&parent=852"}],"curies":[{"name":"wp","href":"https:\/\/api.w.org\/{rel}","templated":true}]}}