{"id":858,"date":"2020-03-27T16:30:00","date_gmt":"2020-03-27T16:30:00","guid":{"rendered":"http:\/\/diesterweg-grundschule-pirna.de\/?page_id=858"},"modified":"2023-03-21T12:07:27","modified_gmt":"2023-03-21T12:07:27","slug":"lehrerzeiten-sekretariat","status":"publish","type":"page","link":"https:\/\/diesterweg-grundschule-pirna.de\/?page_id=858","title":{"rendered":"Lehrerzeiten\/Sekretariat"},"content":{"rendered":"\n<p>Lehrersprechzeiten<\/p>\n\n\n\n<p>Wir bitten um Verst\u00e4ndnis, dass die Lehrerinnen und Lehrer w\u00e4hrend des Unterrichtes und den Aufsichten nicht zu sprechen sind. In den Pausen stehen Ihnen die Lehrerinnen und Lehrer nur f\u00fcr kurze Mitteilungen zur Verf\u00fcgung. Sollten Sie ein l\u00e4ngeres Gespr\u00e4ch w\u00fcnschen, vereinbaren Sie bitte einen Termin. Am Anfang des Schuljahres l\u00e4dt die Klassenleiterin zu einem Elternabend ein und bietet Ihnen zwei Elternsprechtage an. Nutzen Sie diese M\u00f6glichkeit, um mit dem\/ der Klassenleiter\/in \u00fcber die bestm\u00f6gliche schulische Entwicklung Ihres Kindes zu sprechen.<\/p>\n","protected":false},"excerpt":{"rendered":"<p>Lehrersprechzeiten Wir bitten um Verst\u00e4ndnis, dass die Lehrerinnen und Lehrer w\u00e4hrend des Unterrichtes und den Aufsichten nicht zu sprechen sind. &hellip; <\/p>\n","protected":false},"author":1,"featured_media":0,"parent":0,"menu_order":0,"comment_status":"closed","ping_status":"closed","template":"","meta":{"ngg_post_thumbnail":0,"footnotes":""},"class_list":["post-858","page","type-page","status-publish","hentry","latest_post"],"_links":{"self":[{"href":"https:\/\/diesterweg-grundschule-pirna.de\/index.php?rest_route=\/wp\/v2\/pages\/858"}],"collection":[{"href":"https:\/\/diesterweg-grundschule-pirna.de\/index.php?rest_route=\/wp\/v2\/pages"}],"about":[{"href":"https:\/\/diesterweg-grundschule-pirna.de\/index.php?rest_route=\/wp\/v2\/types\/page"}],"author":[{"embeddable":true,"href":"https:\/\/diesterweg-grundschule-pirna.de\/index.php?rest_route=\/wp\/v2\/users\/1"}],"replies":[{"embeddable":true,"href":"https:\/\/diesterweg-grundschule-pirna.de\/index.php?rest_route=%2Fwp%2Fv2%2Fcomments&post=858"}],"version-history":[{"count":2,"href":"https:\/\/diesterweg-grundschule-pirna.de\/index.php?rest_route=\/wp\/v2\/pages\/858\/revisions"}],"predecessor-version":[{"id":1844,"href":"https:\/\/diesterweg-grundschule-pirna.de\/index.php?rest_route=\/wp\/v2\/pages\/858\/revisions\/1844"}],"wp:attachment":[{"href":"https:\/\/diesterweg-grundschule-pirna.de\/index.php?rest_route=%2Fwp%2Fv2%2Fmedia&parent=858"}],"curies":[{"name":"wp","href":"https:\/\/api.w.org\/{rel}","templated":true}]}}