{"id":861,"date":"2020-03-27T16:23:04","date_gmt":"2020-03-27T16:23:04","guid":{"rendered":"http:\/\/diesterweg-grundschule-pirna.de\/?page_id=861"},"modified":"2024-11-25T15:46:22","modified_gmt":"2024-11-25T15:46:22","slug":"fundsachen","status":"publish","type":"page","link":"https:\/\/diesterweg-grundschule-pirna.de\/?page_id=861","title":{"rendered":"Fundsachen"},"content":{"rendered":"\n<p>In unserer Schule haben wir ein gut organisiertes System f\u00fcr Fundsachen: Jede Klasse verf\u00fcgt \u00fcber einen eigenen Spind f\u00fcr Fundsachen, der sich direkt neben dem Klassenzimmer befindet. Dort k\u00f6nnen Sch\u00fclerinnen und Sch\u00fcler verlorene Gegenst\u00e4nde schnell wiederfinden.<\/p>\n\n\n\n<p>Zus\u00e4tzlich werden Fundsachen im Flur vor der Sporthalle gesammelt, um sicherzustellen, dass nichts verloren geht.<\/p>\n\n\n\n<p>Zweimal im Jahr \u2013 jeweils vor den Ferien \u2013 legen wir die Fundsachen aus, damit Eltern die Gelegenheit haben, vermisste Gegenst\u00e4nde abzuholen. Alle nicht abgeholten Gegenst\u00e4nde werden anschlie\u00dfend einem Kinderheim in Pirna gespendet, um Kindern in unserer Region zu helfen und die Sachen sinnvoll weiterzuverwenden.<\/p>\n\n\n\n<p>Bitte unterst\u00fctzen Sie uns, indem Sie regelm\u00e4\u00dfig mit Ihrem Kind nachschauen, ob etwas vermisst wird und versehen Sie alle Kleidungsst\u00fccke mit Namen. <\/p>\n\n\n\n<p>Vielen Dank!<\/p>\n","protected":false},"excerpt":{"rendered":"<p>In unserer Schule haben wir ein gut organisiertes System f\u00fcr Fundsachen: Jede Klasse verf\u00fcgt \u00fcber einen eigenen Spind f\u00fcr Fundsachen, &hellip; <\/p>\n","protected":false},"author":1,"featured_media":0,"parent":0,"menu_order":0,"comment_status":"closed","ping_status":"closed","template":"","meta":{"ngg_post_thumbnail":0,"footnotes":""},"class_list":["post-861","page","type-page","status-publish","hentry","latest_post"],"_links":{"self":[{"href":"https:\/\/diesterweg-grundschule-pirna.de\/index.php?rest_route=\/wp\/v2\/pages\/861"}],"collection":[{"href":"https:\/\/diesterweg-grundschule-pirna.de\/index.php?rest_route=\/wp\/v2\/pages"}],"about":[{"href":"https:\/\/diesterweg-grundschule-pirna.de\/index.php?rest_route=\/wp\/v2\/types\/page"}],"author":[{"embeddable":true,"href":"https:\/\/diesterweg-grundschule-pirna.de\/index.php?rest_route=\/wp\/v2\/users\/1"}],"replies":[{"embeddable":true,"href":"https:\/\/diesterweg-grundschule-pirna.de\/index.php?rest_route=%2Fwp%2Fv2%2Fcomments&post=861"}],"version-history":[{"count":3,"href":"https:\/\/diesterweg-grundschule-pirna.de\/index.php?rest_route=\/wp\/v2\/pages\/861\/revisions"}],"predecessor-version":[{"id":2270,"href":"https:\/\/diesterweg-grundschule-pirna.de\/index.php?rest_route=\/wp\/v2\/pages\/861\/revisions\/2270"}],"wp:attachment":[{"href":"https:\/\/diesterweg-grundschule-pirna.de\/index.php?rest_route=%2Fwp%2Fv2%2Fmedia&parent=861"}],"curies":[{"name":"wp","href":"https:\/\/api.w.org\/{rel}","templated":true}]}}